{"id":335,"date":"2022-07-26T10:04:34","date_gmt":"2022-07-26T15:04:34","guid":{"rendered":"https:\/\/amealco.gob.mx\/portal\/?page_id=335"},"modified":"2025-01-02T12:38:06","modified_gmt":"2025-01-02T18:38:06","slug":"nombre-denominacion-o-razon-social","status":"publish","type":"page","link":"https:\/\/amealco.gob.mx\/portal\/nombre-denominacion-o-razon-social\/","title":{"rendered":"Nombre, Denominaci\u00f3n o Raz\u00f3n Social"},"content":{"rendered":"\n<p>2024<\/p>\n\n\n\n<ul class=\"wp-block-list\">\n<li>Primero<\/li>\n\n\n\n<li>Segundo<\/li>\n\n\n\n<li>Tercero<\/li>\n<\/ul>\n\n\n\n<p><strong>2023<\/strong><\/p>\n\n\n\n<ul class=\"wp-block-list\">\n<li><a href=\"https:\/\/www.amealco.gob.mx\/transparencia\/httpdocs\/PDF\/razon%20social\/FRACCION%20IV%20Contribuyentes%20que%20recibieron%20cancelacion%20o%20condonacion%20de%20creditos%20fiscales.xls\" target=\"_blank\" rel=\"noreferrer noopener\">&nbsp;&nbsp;Contribuyentes que recibieron cancelaci\u00f3n o condonaci\u00f3n de cr\u00e9ditos fiscales<\/a><\/li>\n\n\n\n<li>&nbsp;<a href=\"https:\/\/www.amealco.gob.mx\/transparencia\/httpdocs\/PDF\/razon%20social\/FRACCION%20IV%20Estadisticas%20sobre%20exenciones%20fiscales.xls\" target=\"_blank\" rel=\"noreferrer noopener\">&nbsp;Estad\u00edsticas sobre exenciones fiscales<\/a><\/li>\n\n\n\n<li>&nbsp;<a href=\"https:\/\/www.amealco.gob.mx\/transparencia\/httpdocs\/PDF\/razon%20social\/FRACCION%20IV%20Hipervinculo%20a%20las%20cancelaciones%20y%20condonaciones%20de%20creditos%20fiscales.xls\" target=\"_blank\" rel=\"noreferrer noopener\">&nbsp;Hiperv\u00ednculo a las cancelaciones y condonaciones de cr\u00e9ditos fiscales<\/a><\/li>\n<\/ul>\n\n\n\n<p><strong>2022<\/strong><\/p>\n\n\n\n<ul class=\"wp-block-list\">\n<li>&nbsp;&nbsp;<a href=\"https:\/\/www.amealco.gob.mx\/transparencia\/httpdocs\/PDF\/razon%20social\/FRACCION%20IV%20Contribuyentes%20que%20recibieron%20cancelacion%20o%20condonacion%20de%20creditos%20fiscales.xls\">Contribuyentes que recibieron cancelaci\u00f3n o condonaci\u00f3n de cr\u00e9ditos fiscales<\/a><\/li>\n\n\n\n<li>&nbsp;&nbsp;<a href=\"https:\/\/www.amealco.gob.mx\/transparencia\/httpdocs\/PDF\/razon%20social\/FRACCION%20IV%20Estadisticas%20sobre%20exenciones%20fiscales.xls\">Estad\u00edsticas sobre exenciones fiscales<\/a><\/li>\n\n\n\n<li>&nbsp;&nbsp;<a href=\"https:\/\/www.amealco.gob.mx\/transparencia\/httpdocs\/PDF\/razon%20social\/FRACCION%20IV%20Hipervinculo%20a%20las%20cancelaciones%20y%20condonaciones%20de%20creditos%20fiscales.xls\">Hiperv\u00ednculo a las cancelaciones y condonaciones de cr\u00e9ditos fiscales<\/a><\/li>\n<\/ul>\n","protected":false},"excerpt":{"rendered":"<p>2024 2023 2022<\/p>\n","protected":false},"author":1,"featured_media":0,"parent":0,"menu_order":0,"comment_status":"closed","ping_status":"closed","template":"","meta":{"_lmt_disableupdate":"no","_lmt_disable":"","footnotes":""},"class_list":["post-335","page","type-page","status-publish","hentry","clearfix","post-index"],"jetpack_sharing_enabled":true,"_links":{"self":[{"href":"https:\/\/amealco.gob.mx\/portal\/wp-json\/wp\/v2\/pages\/335","targetHints":{"allow":["GET"]}}],"collection":[{"href":"https:\/\/amealco.gob.mx\/portal\/wp-json\/wp\/v2\/pages"}],"about":[{"href":"https:\/\/amealco.gob.mx\/portal\/wp-json\/wp\/v2\/types\/page"}],"author":[{"embeddable":true,"href":"https:\/\/amealco.gob.mx\/portal\/wp-json\/wp\/v2\/users\/1"}],"replies":[{"embeddable":true,"href":"https:\/\/amealco.gob.mx\/portal\/wp-json\/wp\/v2\/comments?post=335"}],"version-history":[{"count":7,"href":"https:\/\/amealco.gob.mx\/portal\/wp-json\/wp\/v2\/pages\/335\/revisions"}],"predecessor-version":[{"id":4654,"href":"https:\/\/amealco.gob.mx\/portal\/wp-json\/wp\/v2\/pages\/335\/revisions\/4654"}],"wp:attachment":[{"href":"https:\/\/amealco.gob.mx\/portal\/wp-json\/wp\/v2\/media?parent=335"}],"curies":[{"name":"wp","href":"https:\/\/api.w.org\/{rel}","templated":true}]}}