{"id":79,"date":"2022-07-19T01:20:54","date_gmt":"2022-07-19T01:20:54","guid":{"rendered":"https:\/\/amealco.gob.mx\/portal\/?page_id=79"},"modified":"2025-06-28T12:08:36","modified_gmt":"2025-06-28T17:08:36","slug":"articulo-67","status":"publish","type":"page","link":"https:\/\/amealco.gob.mx\/portal\/articulo-67\/","title":{"rendered":"Art\u00edculo 67"},"content":{"rendered":"\n<p class=\"has-text-align-left\"><strong>Art\u00edculo 67. Adem\u00e1s de lo se\u00f1alado en el art\u00edculo anterior de la presente Ley, los sujetos obligados de los Poderes Ejecutivos Federal, de las Entidades Federativas y municipales, deber\u00e1n poner a disposici\u00f3n del p\u00fablico y actualizar la siguiente informaci\u00f3n:<\/strong><br>I. El&nbsp;Plan Estatal de Desarrollo&nbsp;y&nbsp;<a href=\"http:\/\/www.amealco.gob.mx\/transparencia\/httpdocs\/PDF\/2025\/Art_67\/1\/PLAN%20MUNICIPAL%20DE%20DESARROLLO%20AMEALCO.pdf\" data-type=\"link\" data-id=\"http:\/\/www.amealco.gob.mx\/transparencia\/httpdocs\/PDF\/2025\/Art_67\/1\/PLAN%20MUNICIPAL%20DE%20DESARROLLO%20AMEALCO.pdf\">Plan Municipal de Desarrollo&nbsp;<\/a>seg\u00fan corresponda;<\/p>\n\n\n\n<p>II. El <a href=\"https:\/\/consultapublicamx.plataformadetransparencia.org.mx\/vut-web\/?idSujetoObigadoParametro=4572&amp;idEntidadParametro=22\" data-type=\"link\" data-id=\"https:\/\/consultapublicamx.plataformadetransparencia.org.mx\/vut-web\/?idSujetoObigadoParametro=4572&amp;idEntidadParametro=22\">presupuesto de egresos<\/a> y las f\u00f3rmulas de distribuci\u00f3n de los recursos otorgados;<\/p>\n\n\n\n<p>III. El\u00a0listado de <a href=\"https:\/\/consultapublicamx.plataformadetransparencia.org.mx\/vut-web\/?idSujetoObigadoParametro=4572&amp;idEntidadParametro=22\" data-type=\"link\" data-id=\"https:\/\/consultapublicamx.plataformadetransparencia.org.mx\/vut-web\/?idSujetoObigadoParametro=4572&amp;idEntidadParametro=22\">expropiaciones <\/a>decretadas y ejecutadas\u00a0que incluya, cuando menos, la fecha de expropiaci\u00f3n, el domicilio y la causa de utilidad p\u00fablica y las descripciones superficiales;<\/p>\n\n\n\n<p>IV. El\u00a0<a href=\"https:\/\/consultapublicamx.plataformadetransparencia.org.mx\/vut-web\/?idSujetoObigadoParametro=4572&amp;idEntidadParametro=22\" data-type=\"link\" data-id=\"https:\/\/consultapublicamx.plataformadetransparencia.org.mx\/vut-web\/?idSujetoObigadoParametro=4572&amp;idEntidadParametro=22\">nombre, denominaci\u00f3n o raz\u00f3n social\u00a0<\/a>y numero del registro federal de los contribuyentes de a quienes se les hubiere cancelado o condonado alg\u00fan cr\u00e9dito fiscal, as\u00ed como los montos respectivos. Asimismo, la informaci\u00f3n estad\u00edstica sobre las exenciones previstas en las disposiciones fiscales;<\/p>\n\n\n\n<p>V. Los&nbsp;nombres de las personas nombradas como notarios p\u00fablicos, as\u00ed como sus datos de contacto, la informaci\u00f3n relacionada con el proceso de otorgamiento del nombramiento y las sanciones que se les hubieran aplicado;<\/p>\n\n\n\n<p>VI. Los\u00a0<a href=\"https:\/\/consultapublicamx.plataformadetransparencia.org.mx\/vut-web\/?idSujetoObigadoParametro=4572&amp;idEntidadParametro=22\" data-type=\"link\" data-id=\"https:\/\/consultapublicamx.plataformadetransparencia.org.mx\/vut-web\/?idSujetoObigadoParametro=4572&amp;idEntidadParametro=22\">planes de desarrollo urbano,<\/a>\u00a0ordenamiento territorial y ecol\u00f3gico, los cambios de uso de suelo, licencias de construcci\u00f3n otorgadas por los gobiernos municipales;<\/p>\n\n\n\n<p>VII. Las\u00a0<a href=\"https:\/\/consultapublicamx.plataformadetransparencia.org.mx\/vut-web\/?idSujetoObigadoParametro=4572&amp;idEntidadParametro=22\" data-type=\"link\" data-id=\"https:\/\/consultapublicamx.plataformadetransparencia.org.mx\/vut-web\/?idSujetoObigadoParametro=4572&amp;idEntidadParametro=22\">disposiciones administrativas\u00a0<\/a>que emitan, con el plazo de anticipaci\u00f3n que prevean las disposiciones aplicables al sujeto obligado de que se trate, salvo que su difusi\u00f3n pueda comprometer los efectos que se pretenden lograr con la disposici\u00f3n o se trate de situaciones de emergencia;<\/p>\n\n\n\n<p>VIII. El contenido de las\u00a0<a href=\"https:\/\/consultapublicamx.plataformadetransparencia.org.mx\/vut-web\/?idSujetoObigadoParametro=4572&amp;idEntidadParametro=22\" data-type=\"link\" data-id=\"https:\/\/consultapublicamx.plataformadetransparencia.org.mx\/vut-web\/?idSujetoObigadoParametro=4572&amp;idEntidadParametro=22\">gacetas municipales<\/a>, las cuales deber\u00e1n comprender los resolutivos y acuerdos aprobados por los ayuntamientos; y<\/p>\n\n\n\n<p>IX. Las actas de <a href=\"https:\/\/consultapublicamx.plataformadetransparencia.org.mx\/vut-web\/?idSujetoObigadoParametro=4572&amp;idEntidadParametro=22\" data-type=\"link\" data-id=\"https:\/\/consultapublicamx.plataformadetransparencia.org.mx\/vut-web\/?idSujetoObigadoParametro=4572&amp;idEntidadParametro=22\">sesi\u00f3n de ayuntamientos<\/a>, los controles de asistencia de los integrantes a las sesiones y el sentido de votaci\u00f3n de los miembros del ayuntamiento sobre las iniciativas y acuerdos.<\/p>\n","protected":false},"excerpt":{"rendered":"<p>Art\u00edculo 67. Adem\u00e1s de lo se\u00f1alado en el art\u00edculo anterior de la presente Ley, los sujetos obligados de los Poderes Ejecutivos Federal, de las Entidades Federativas y municipales, deber\u00e1n poner a disposici\u00f3n del p\u00fablico y actualizar la siguiente informaci\u00f3n:I. El&nbsp;Plan Estatal de Desarrollo&nbsp;y&nbsp;Plan Municipal de Desarrollo&nbsp;seg\u00fan corresponda; II. El presupuesto de egresos y las f\u00f3rmulas [&hellip;]<\/p>\n","protected":false},"author":1,"featured_media":0,"parent":0,"menu_order":0,"comment_status":"closed","ping_status":"closed","template":"","meta":{"_lmt_disableupdate":"yes","_lmt_disable":"","footnotes":""},"class_list":["post-79","page","type-page","status-publish","hentry","clearfix","post-index"],"jetpack_sharing_enabled":true,"_links":{"self":[{"href":"https:\/\/amealco.gob.mx\/portal\/wp-json\/wp\/v2\/pages\/79","targetHints":{"allow":["GET"]}}],"collection":[{"href":"https:\/\/amealco.gob.mx\/portal\/wp-json\/wp\/v2\/pages"}],"about":[{"href":"https:\/\/amealco.gob.mx\/portal\/wp-json\/wp\/v2\/types\/page"}],"author":[{"embeddable":true,"href":"https:\/\/amealco.gob.mx\/portal\/wp-json\/wp\/v2\/users\/1"}],"replies":[{"embeddable":true,"href":"https:\/\/amealco.gob.mx\/portal\/wp-json\/wp\/v2\/comments?post=79"}],"version-history":[{"count":25,"href":"https:\/\/amealco.gob.mx\/portal\/wp-json\/wp\/v2\/pages\/79\/revisions"}],"predecessor-version":[{"id":5132,"href":"https:\/\/amealco.gob.mx\/portal\/wp-json\/wp\/v2\/pages\/79\/revisions\/5132"}],"wp:attachment":[{"href":"https:\/\/amealco.gob.mx\/portal\/wp-json\/wp\/v2\/media?parent=79"}],"curies":[{"name":"wp","href":"https:\/\/api.w.org\/{rel}","templated":true}]}}