{"id":86,"date":"2022-07-19T01:48:45","date_gmt":"2022-07-19T01:48:45","guid":{"rendered":"https:\/\/amealco.gob.mx\/portal\/?page_id=86"},"modified":"2025-04-11T11:02:43","modified_gmt":"2025-04-11T16:02:43","slug":"cuenta-publica","status":"publish","type":"page","link":"https:\/\/amealco.gob.mx\/portal\/cuenta-publica\/","title":{"rendered":"Cuenta P\u00fablica"},"content":{"rendered":"\n<p><strong>Cuenta \u00a0P\u00fablica Municipal 202<\/strong>4<\/p>\n\n\n\n<ul class=\"wp-block-list\">\n<li>\u00a0\u00a0<a href=\"https:\/\/amealco.gob.mx\/transparencia\/httpdocs\/PDF\/CUENTA%20PUBLICA\/2024\/Cuenta_publica_Amealco_de_Bonfil_2024.pdf\">Cuenta P\u00fablica Municipio 2024<\/a><\/li>\n\n\n\n<li>\u00a0\u00a0<a href=\"https:\/\/amealco.gob.mx\/transparencia\/httpdocs\/PDF\/CUENTA%20PUBLICA\/2024\/Cuenta_Publica_consolidada_Amealco_de_Bonfil.pdf\">Cuenta P\u00fablica Consolidada 2024<\/a><\/li>\n\n\n\n<li>\u00a0\u00a0<a href=\"https:\/\/amealco.gob.mx\/transparencia\/httpdocs\/PDF\/CUENTA%20PUBLICA\/2024\/CUENTA_PUBLICA_DIF_2024.pdf\">Cuenta P\u00fablica Dif 2024<\/a><\/li>\n<\/ul>\n\n\n\n<p><strong>Cuenta &nbsp;P\u00fablica Municipal 2023<\/strong><\/p>\n\n\n\n<ul class=\"wp-block-list\">\n<li>&nbsp;&nbsp;<a href=\"https:\/\/amealco.gob.mx\/transparencia\/httpdocs\/PDF\/CUENTA%20PUBLICA\/2023\/Cuenta_Publica_2023_Amealco_de_Bonfil.pdf\" data-type=\"link\" data-id=\"https:\/\/amealco.gob.mx\/transparencia\/httpdocs\/PDF\/CUENTA%20PUBLICA\/2023\/Cuenta_Publica_2023_Amealco_de_Bonfil.pdf\">Cuenta P\u00fablica Municipio 2023<\/a><\/li>\n\n\n\n<li>&nbsp;&nbsp;<a href=\"https:\/\/amealco.gob.mx\/transparencia\/httpdocs\/PDF\/CUENTA%20PUBLICA\/2023\/Consolidado_Paramunicipal_2023.pdf\" data-type=\"link\" data-id=\"https:\/\/amealco.gob.mx\/transparencia\/httpdocs\/PDF\/CUENTA%20PUBLICA\/2023\/Consolidado_Paramunicipal_2023.pdf\">Cuenta P\u00fablica Consolidada 2023<\/a><\/li>\n\n\n\n<li>&nbsp;&nbsp;<a href=\"https:\/\/amealco.gob.mx\/transparencia\/httpdocs\/PDF\/CUENTA%20PUBLICA\/2023\/Cuenta_Publica_DIF_2023.pdf\" data-type=\"link\" data-id=\"https:\/\/amealco.gob.mx\/transparencia\/httpdocs\/PDF\/CUENTA%20PUBLICA\/2023\/Cuenta_Publica_DIF_2023.pdf\">Cuenta P\u00fablica Dif 2023<\/a><\/li>\n<\/ul>\n\n\n\n<p><strong>Cuenta &nbsp;P\u00fablica Municipal 2022<\/strong><\/p>\n\n\n\n<ul class=\"wp-block-list\">\n<li>&nbsp;&nbsp;<a href=\"https:\/\/www.amealco.gob.mx\/transparencia\/httpdocs\/PDF\/CUENTA%20PUBLICA\/2022\/Cuenta_Publica_2022_Amealco_de_Bonfil.pdf\" target=\"_blank\" rel=\"noreferrer noopener\">Cuenta P\u00fablica Municipio 2022<\/a><\/li>\n\n\n\n<li>&nbsp;&nbsp;<a href=\"https:\/\/www.amealco.gob.mx\/transparencia\/httpdocs\/PDF\/CUENTA%20PUBLICA\/2022\/Cuenta_Publica_Consolidada_2022.pdf\" target=\"_blank\" rel=\"noreferrer noopener\">Cuenta P\u00fablica Consolidada 2022<\/a><\/li>\n\n\n\n<li>&nbsp;&nbsp;<a href=\"https:\/\/www.amealco.gob.mx\/transparencia\/httpdocs\/PDF\/CUENTA%20PUBLICA\/2022\/Cuenta_Publica_Sistema_Municipal_DIF_2022.pdf\" target=\"_blank\" rel=\"noreferrer noopener\">Cuenta P\u00fablica Dif 2022<\/a><\/li>\n<\/ul>\n\n\n\n<p><strong>Cuenta &nbsp;P\u00fablica Municipal 2021<\/strong><\/p>\n\n\n\n<ul class=\"wp-block-list\">\n<li>&nbsp;&nbsp;<a href=\"https:\/\/www.amealco.gob.mx\/transparencia\/httpdocs\/PDF\/CUENTA%20PUBLICA\/2021\/1%20CUENTA%20PUBLICA%20MUNICIPIO%20DE%20AMEALCO%202021.pdf\">Cuenta P\u00fablica Municipio 2021<\/a><\/li>\n\n\n\n<li>&nbsp;&nbsp;<a href=\"https:\/\/www.amealco.gob.mx\/transparencia\/httpdocs\/PDF\/CUENTA%20PUBLICA\/2021\/4%20CUENTA%20PUBLICA%20I.%20MUJER%202021.pdf\">Cuenta P\u00fablica I. Mujer 2021<\/a><\/li>\n\n\n\n<li>&nbsp;&nbsp;<a href=\"https:\/\/www.amealco.gob.mx\/transparencia\/httpdocs\/PDF\/CUENTA%20PUBLICA\/2021\/3%20CUENTA%20PUBLICA%20I.%20JUVENTUD%202021.pdf\">Cuenta P\u00fablica I. Juventud 2021<\/a><\/li>\n\n\n\n<li>&nbsp;&nbsp;<a href=\"https:\/\/www.amealco.gob.mx\/transparencia\/httpdocs\/PDF\/CUENTA%20PUBLICA\/2021\/5.%20Cuenta%20Publica%20Consolidada%20paramunicipal%202021.pdf\">Cuenta P\u00fablica Consolidada 2021<\/a><\/li>\n\n\n\n<li>&nbsp;&nbsp;<a href=\"https:\/\/www.amealco.gob.mx\/transparencia\/httpdocs\/PDF\/CUENTA%20PUBLICA\/2021\/2%20Cuenta%20Publica%20DIF%202021.pdf\">Cuenta P\u00fablica Dif 2021<\/a><\/li>\n<\/ul>\n\n\n\n<p><strong>Cuenta P\u00fablica Municipal 2020<\/strong><\/p>\n\n\n\n<ul class=\"wp-block-list\">\n<li>&nbsp;&nbsp;<a href=\"https:\/\/www.amealco.gob.mx\/transparencia\/httpdocs\/PDF\/CUENTA%20PUBLICA\/2020\/CUENTA%20PUBLICA%202020\/01%20Cuenta%20Publica%20Municipio%20de%20Amealco%20de%20Bonfil%202020.pdf\">Cuenta P\u00fablica Municipio 2020<\/a><\/li>\n\n\n\n<li>&nbsp;&nbsp;<a href=\"https:\/\/www.amealco.gob.mx\/transparencia\/httpdocs\/PDF\/CUENTA%20PUBLICA\/2020\/CUENTA%20PUBLICA%202020\/02%20Cuenta%20publica%20Instituto%20de%20la%20Mujer%202020.pdf\">Cuenta P\u00fablica I. Mujer 2020<\/a><\/li>\n\n\n\n<li>&nbsp;&nbsp;<a href=\"https:\/\/www.amealco.gob.mx\/transparencia\/httpdocs\/PDF\/CUENTA%20PUBLICA\/2020\/CUENTA%20PUBLICA%202020\/03%20Cuenta%20publica%20Instituto%20de%20la%20Juventud%202020.pdf\">Cuenta P\u00fablica I. Juventud 2020<\/a><\/li>\n\n\n\n<li>&nbsp;&nbsp;<a href=\"https:\/\/www.amealco.gob.mx\/transparencia\/httpdocs\/PDF\/CUENTA%20PUBLICA\/2020\/CUENTA%20PUBLICA%202020\/04%20Cuenta%20Publica%20consolidada%202020.PDF\">Cuenta P\u00fablica Consolidada 2020<\/a><\/li>\n<\/ul>\n\n\n\n<p><strong>Cuenta P\u00fablica Municipal 2019<\/strong><\/p>\n\n\n\n<ul class=\"wp-block-list\">\n<li>&nbsp;&nbsp;<a href=\"https:\/\/www.amealco.gob.mx\/transparencia\/httpdocs\/PDF\/CUENTA%20PUBLICA\/2019\/CUENTA%20PUBLICA%20MUNICIPIO%202019.pdf\">Cuenta P\u00fablica Municipio 2019<\/a><\/li>\n\n\n\n<li>&nbsp;&nbsp;<a href=\"https:\/\/www.amealco.gob.mx\/transparencia\/httpdocs\/PDF\/CUENTA%20PUBLICA\/2019\/CUENTA%20PUEBLICA%20I.%20MUJER%202019.pdf\">Cuenta P\u00fablica I. Mujer 2019<\/a><\/li>\n\n\n\n<li>&nbsp;&nbsp;<a href=\"https:\/\/www.amealco.gob.mx\/transparencia\/httpdocs\/PDF\/CUENTA%20PUBLICA\/2019\/CUENTA%20PUEBLICA%20I.%20JUVENTUD%202019.pdf\">Cuenta P\u00fablica I. Juventud 2019<\/a><\/li>\n\n\n\n<li>&nbsp;&nbsp;<a href=\"https:\/\/www.amealco.gob.mx\/transparencia\/httpdocs\/PDF\/CUENTA%20PUBLICA\/2019\/CUENTA%20PUBLICA%20CONSOLIDADA%202019.pdf\">Cuenta P\u00fablica Consolidada 2019<\/a><\/li>\n<\/ul>\n\n\n\n<p><strong>Cuenta P\u00fablica Municipal 2018<\/strong><\/p>\n\n\n\n<ul class=\"wp-block-list\">\n<li>&nbsp;&nbsp;<a href=\"https:\/\/www.amealco.gob.mx\/transparencia\/httpdocs\/PDF\/CUENTA%20PUBLICA\/CUENTA%20PUBLICA%202018\/CUENTA%20PUBLICA%202018%20MUNICIPIO.pdf\" target=\"_blank\" rel=\"noreferrer noopener\">Cuenta P\u00fablica Municipal 2018<\/a><\/li>\n\n\n\n<li>&nbsp;&nbsp;<a href=\"https:\/\/www.amealco.gob.mx\/transparencia\/httpdocs\/PDF\/CUENTA%20PUBLICA\/CUENTA%20PUBLICA%202018\/CUENTA%20PUBLICA%20CONSOLIDADA.pdf\" target=\"_blank\" rel=\"noreferrer noopener\">Cuenta P\u00fablica Consolidada 2018<\/a><\/li>\n<\/ul>\n\n\n\n<p><strong>Cuenta P\u00fablica Paramunicipal<\/strong><\/p>\n\n\n\n<ul class=\"wp-block-list\">\n<li>&nbsp;<a href=\"https:\/\/www.amealco.gob.mx\/transparencia\/httpdocs\/PDF\/CUENTA%20PUBLICA\/CUENTA%20PUBLICA%202017\/01Cuenta%20publica%20DIF%202017.pdf\" target=\"_blank\" rel=\"noreferrer noopener\">Cuenta P\u00fablica Dif 2017<\/a><\/li>\n\n\n\n<li>&nbsp;<a href=\"https:\/\/www.amealco.gob.mx\/transparencia\/httpdocs\/PDF\/CUENTA%20PUBLICA\/CUENTA%20PUBLICA%202017\/02%20Cuenta%20publica%20I.%20Mujer%202017.pdf\" target=\"_blank\" rel=\"noreferrer noopener\">Cuenta P\u00fablica Instituto De La Mujer 2017<\/a><\/li>\n\n\n\n<li>&nbsp;<a href=\"https:\/\/www.amealco.gob.mx\/transparencia\/httpdocs\/PDF\/CUENTA%20PUBLICA\/CUENTA%20PUBLICA%202017\/03%20Cuenta%20publica%20I.%20de%20la%20Juventud%202017.pdf\" target=\"_blank\" rel=\"noreferrer noopener\">Cuenta P\u00fablica Instituto De La Juventud 2017<\/a><\/li>\n\n\n\n<li>&nbsp;<a href=\"https:\/\/www.amealco.gob.mx\/transparencia\/httpdocs\/PDF\/CUENTA%20PUBLICA\/CUENTA%20PUBLICA%202017\/00%20Cuenta%20publica%20sector%20paramunicipal%202017.pdf\" target=\"_blank\" rel=\"noreferrer noopener\">Cuenta P\u00fablica Paramunicipales 2017<\/a><\/li>\n\n\n\n<li>&nbsp;<a href=\"https:\/\/www.amealco.gob.mx\/transparencia\/httpdocs\/PDF\/CUENTA%20PUBLICA\/CUENTA%20PUBLICA%202018\/CUENTA%20PUBLICA%20I%20MUJER.pdf\" target=\"_blank\" rel=\"noreferrer noopener\">Cuenta P\u00fablica Instituto De La Mujer 2018<\/a><\/li>\n\n\n\n<li>&nbsp;<a rel=\"noreferrer noopener\" href=\"https:\/\/www.amealco.gob.mx\/transparencia\/httpdocs\/PDF\/CUENTA%20PUBLICA\/CUENTA%20PUBLICA%202018\/CUENTA%20PUBLICA%20I%20JUVENTUD.pdf\" target=\"_blank\">Cuenta P\u00fablica Instituto De La Juventud 2018<\/a><\/li>\n\n\n\n<li>&nbsp;<a href=\"https:\/\/www.amealco.gob.mx\/transparencia\/httpdocs\/PDF\/CUENTA%20PUBLICA\/CUENTA%20PUBLICA%202014\/CUENTA%20PUBLICA%202014.pdf\" target=\"_blank\" rel=\"noreferrer noopener\">Cuenta P\u00fablica 2014<\/a><\/li>\n\n\n\n<li>&nbsp;<a href=\"https:\/\/www.amealco.gob.mx\/transparencia\/httpdocs\/PDF\/CUENTA%20PUBLICA\/CUENTA%20PUBLICA%202015.pdf\" target=\"_blank\" rel=\"noreferrer noopener\">Cuenta P\u00fablica 2015<\/a><\/li>\n\n\n\n<li>&nbsp;<a href=\"https:\/\/www.amealco.gob.mx\/transparencia\/httpdocs\/PDF\/CUENTA%20PUBLICA\/CUENTA%20PUBLICA%202016.pdf\" target=\"_blank\" rel=\"noreferrer noopener\">Cuenta P\u00fablica 2016<\/a><\/li>\n<\/ul>\n\n\n\n<p><\/p>\n\n\n\n<p><\/p>\n\n\n\u00daltima actualizaci\u00f3n: abril 11, 2025.\n","protected":false},"excerpt":{"rendered":"<p>Cuenta \u00a0P\u00fablica Municipal 2024 Cuenta &nbsp;P\u00fablica Municipal 2023 Cuenta &nbsp;P\u00fablica Municipal 2022 Cuenta &nbsp;P\u00fablica Municipal 2021 Cuenta P\u00fablica Municipal 2020 Cuenta P\u00fablica Municipal 2019 Cuenta P\u00fablica Municipal 2018 Cuenta P\u00fablica Paramunicipal<\/p>\n","protected":false},"author":1,"featured_media":0,"parent":0,"menu_order":0,"comment_status":"closed","ping_status":"closed","template":"","meta":{"_lmt_disableupdate":"","_lmt_disable":"","footnotes":""},"class_list":["post-86","page","type-page","status-publish","hentry","clearfix","post-index"],"jetpack_sharing_enabled":true,"_links":{"self":[{"href":"https:\/\/amealco.gob.mx\/portal\/wp-json\/wp\/v2\/pages\/86","targetHints":{"allow":["GET"]}}],"collection":[{"href":"https:\/\/amealco.gob.mx\/portal\/wp-json\/wp\/v2\/pages"}],"about":[{"href":"https:\/\/amealco.gob.mx\/portal\/wp-json\/wp\/v2\/types\/page"}],"author":[{"embeddable":true,"href":"https:\/\/amealco.gob.mx\/portal\/wp-json\/wp\/v2\/users\/1"}],"replies":[{"embeddable":true,"href":"https:\/\/amealco.gob.mx\/portal\/wp-json\/wp\/v2\/comments?post=86"}],"version-history":[{"count":14,"href":"https:\/\/amealco.gob.mx\/portal\/wp-json\/wp\/v2\/pages\/86\/revisions"}],"predecessor-version":[{"id":4985,"href":"https:\/\/amealco.gob.mx\/portal\/wp-json\/wp\/v2\/pages\/86\/revisions\/4985"}],"wp:attachment":[{"href":"https:\/\/amealco.gob.mx\/portal\/wp-json\/wp\/v2\/media?parent=86"}],"curies":[{"name":"wp","href":"https:\/\/api.w.org\/{rel}","templated":true}]}}